{"id":4057,"date":"2020-03-25T07:25:23","date_gmt":"2020-03-25T06:25:23","guid":{"rendered":"http:\/\/www.agrotecpromotruck.cz\/?page_id=4057"},"modified":"2020-06-08T13:55:59","modified_gmt":"2020-06-08T11:55:59","slug":"kontakt","status":"publish","type":"page","link":"https:\/\/www.agrotecpromotruck.cz\/en\/home\/kontakt\/","title":{"rendered":"Operator contact details"},"content":{"rendered":"<div data-vc-full-width=\"true\" data-vc-full-width-init=\"false\" data-vc-stretch-content=\"true\"  class=\"vc_row wpb_row row no-margin-top no-margin-bottom vc_row-full-width\"><div class=\"wpb_column vc_column_container vc_col-sm-6\"><div class=\"vc_column-inner vc_custom_1432409276207\"><div class=\"wpb_wrapper\"><div class=\"wpb_gmaps_widget wpb_content_element\">\n\t\t<div class=\"wpb_wrapper\">\n\t\t<div class=\"wpb_map_wraper\">\n\t\t\t<iframe loading=\"lazy\" src=\"https:\/\/www.google.com\/maps\/embed?pb=!1m14!1m8!1m3!1d1310.1484141666235!2d16.72850639814757!3d48.947833624919646!3m2!1i1024!2i768!4f13.1!3m3!1m2!1s0x4712cf9247960011%3A0x73ccbd18c12e3f08!2sAGROTEC%20a.s.%20-%20%C5%A0KODA%20Hustope%C4%8De!5e0!3m2!1scs!2scz!4v1588674173356!5m2!1scs!2scz\" width=\"600\" height=\"460\" frameborder=\"0\" style=\"border:0;\" allowfullscreen=\"\" aria-hidden=\"false\" tabindex=\"0\"><\/iframe>\t\t<\/div>\n\t<\/div>\n<\/div>\n<\/div><\/div><\/div><div class=\"wpb_column vc_column_container vc_col-sm-6\"><div class=\"vc_column-inner\"><div class=\"wpb_wrapper\">\n\t<div class=\"wpb_text_column wpb_content_element\">\n\t\t<div class=\"wpb_wrapper\">\n\t\t\t<h3>CONTACT <span class=\"text_linkcolor\">DETAILS FOR THE OWNER<\/span><\/h3>\n<div>\n<p><strong>AGROTEC a.s.<\/strong><br \/>\nBrn\u011bnsk\u00e1 74,<br \/>\n693 01, Hustope\u010de<\/p>\n<p>ID: 00544957<br \/>\nTIN: CZ00544957<\/p>\n<p>&nbsp;<\/p>\n<\/div>\n\n\t\t<\/div>\n\t<\/div>\n\n\t<div class=\"wpb_text_column wpb_content_element\">\n\t\t<div class=\"wpb_wrapper\">\n\t\t\t<h3><span class=\"text_linkcolor\">CONTACT <\/span>PERSON FOR <span class=\"text_linkcolor\">PROMOTRUCK<\/span><\/h3>\n<p><span class=\"fonticon  background\" ><i class=\"fa fas fa-user\" style=\"color:#fff\"><\/i><\/span> Mat\u011bj Ost\u0159\u00ed\u017eek \u2013 reservations manager<br \/>\n<span class=\"fonticon  background\" ><i class=\"fa icon-phone fa-phone\" style=\"color:#fff\"><\/i><\/span> +420 606 032 516<br \/>\n<span class=\"fonticon  background\" ><i class=\"fa icon-envelope fa-envelope\" style=\"color:#fff\"><\/i><\/span><span id=\"email\"> <\/span><\/p>\n<p><script>\nvar parts = [\"ostrizek\", \"agrotec\", \"cz\", \"&#46;\", \"&#64;\"]; \nvar email = parts[0] + parts[4] + parts[1] + parts[3] + parts[2]; document.getElementById(\"email\").innerHTML=email;\n<\/script><\/p>\n\n\t\t<\/div>\n\t<\/div>\n<div class=\"vc_btn3-container  wpb_animate_when_almost_visible wpb_bottom-to-top vc_btn3-left vc_custom_1591617357826\"><a class=\"vc_general vc_btn3 vc_btn3-size-lg vc_btn3-shape-rounded vc_btn3-style-outline vc_btn3-icon-left vc_btn3-color-link_color\" href=\"https:\/\/www.agrotecpromotruck.cz\/en\/rezervace-kamionu-na-akci\/\" title=\"Booking a truck for the event\"><i class=\"vc_btn3-icon fa fa-shopping-cart\"><\/i> Book online<\/a><\/div>\n<\/div><\/div><\/div><\/div><div class=\"vc_row-full-width\"><\/div><div  class=\"vc_row wpb_row row no-margin-top custom-row\"><div class=\"row-inner-wrap clearfix\"><div class=\"parallax-wrap\"><div class=\"parallax-content\" style=\"height:400px\"><div class=\"wpb_column vc_column_container vc_col-sm-6\"><div class=\"vc_column-inner\"><div class=\"wpb_wrapper\">\n\t<div class=\"wpb_text_column wpb_content_element  vc_custom_1589370624115\">\n\t\t<div class=\"wpb_wrapper\">\n\t\t\t<h2>Contact form<\/h2>\n\n<div class=\"wpcf7 no-js\" id=\"wpcf7-f4075-o1\" lang=\"cs-CZ\" dir=\"ltr\" data-wpcf7-id=\"4075\">\n<div class=\"screen-reader-response\"><p role=\"status\" aria-live=\"polite\" aria-atomic=\"true\"><\/p> <ul><\/ul><\/div>\n<form action=\"\/en\/wp-json\/wp\/v2\/pages\/4057#wpcf7-f4075-o1\" method=\"post\" class=\"wpcf7-form init\" aria-label=\"Contact form\" novalidate=\"novalidate\" data-status=\"init\" data-trp-original-action=\"\/en\/wp-json\/wp\/v2\/pages\/4057#wpcf7-f4075-o1\">\n<fieldset class=\"hidden-fields-container\"><input type=\"hidden\" name=\"_wpcf7\" value=\"4075\" \/><input type=\"hidden\" name=\"_wpcf7_version\" value=\"6.1.1\" \/><input type=\"hidden\" name=\"_wpcf7_locale\" value=\"cs_CZ\" \/><input type=\"hidden\" name=\"_wpcf7_unit_tag\" value=\"wpcf7-f4075-o1\" \/><input type=\"hidden\" name=\"_wpcf7_container_post\" value=\"0\" \/><input type=\"hidden\" name=\"_wpcf7_posted_data_hash\" value=\"\" \/><input type=\"hidden\" name=\"_wpcf7_recaptcha_response\" value=\"\" \/>\n<\/fieldset>\n<p><label> Your Name (required)<br \/>\n<span class=\"wpcf7-form-control-wrap\" data-name=\"your-name\"><input size=\"40\" maxlength=\"400\" class=\"wpcf7-form-control wpcf7-text wpcf7-validates-as-required\" aria-required=\"true\" aria-invalid=\"false\" value=\"\" type=\"text\" name=\"your-name\" \/><\/span> <\/label>\n<\/p>\n<p><label> Your e-mail (required)<br \/>\n<span class=\"wpcf7-form-control-wrap\" data-name=\"your-email\"><input size=\"40\" maxlength=\"400\" class=\"wpcf7-form-control wpcf7-email wpcf7-validates-as-required wpcf7-text wpcf7-validates-as-email\" aria-required=\"true\" aria-invalid=\"false\" value=\"\" type=\"email\" name=\"your-email\" \/><\/span> <\/label>\n<\/p>\n<p><label> Inquiry (required)<br \/>\n<span class=\"wpcf7-form-control-wrap\" data-name=\"your-message\"><textarea cols=\"40\" rows=\"10\" maxlength=\"2000\" class=\"wpcf7-form-control wpcf7-textarea\" aria-invalid=\"false\" name=\"your-message\"><\/textarea><\/span> <\/label><br \/>\n<span class=\"wpcf7-form-control-wrap recaptcha\" data-name=\"recaptcha\"><span data-sitekey=\"6Lf7RKkZAAAAAJ6OJO6GitvpHUYTYzaHLT_xPP8H\" data-size=\"compact\" class=\"wpcf7-form-control wpcf7-recaptcha g-recaptcha\"><\/span>\r\n<noscript>\r\n\t<div class=\"grecaptcha-noscript\">\r\n\t\t<iframe loading=\"lazy\" src=\"https:\/\/www.google.com\/recaptcha\/api\/fallback?k=6Lf7RKkZAAAAAJ6OJO6GitvpHUYTYzaHLT_xPP8H\" frameborder=\"0\" scrolling=\"no\" width=\"310\" height=\"430\">\r\n\t\t<\/iframe>\r\n\t\t<textarea name=\"g-recaptcha-response\" rows=\"3\" cols=\"40\" placeholder=\"reCaptcha Response Here\">\r\n\t\t<\/textarea>\r\n\t<\/div>\r\n<\/noscript>\r\n<\/span><br \/>\n<input class=\"wpcf7-form-control wpcf7-submit has-spinner\" type=\"submit\" value=\"Send\" \/>\n<\/p><div class=\"wpcf7-response-output\" aria-hidden=\"true\"><\/div>\n<input type=\"hidden\" name=\"trp-form-language\" value=\"en\"\/><\/form>\n<\/div>\n\n\n\t\t<\/div>\n\t<\/div>\n<\/div><\/div><\/div><div class=\"wpb_column vc_column_container vc_col-sm-6 vc_col-has-fill\"><div class=\"vc_column-inner vc_custom_1589275525771\"><div class=\"wpb_wrapper\">\n\t<div class=\"wpb_text_column wpb_content_element\">\n\t\t<div class=\"wpb_wrapper\">\n\t\t\t<p>&nbsp;<\/p>\n<p>&nbsp;<\/p>\n<p>&nbsp;<\/p>\n<p>&nbsp;<\/p>\n<p>&nbsp;<\/p>\n<p>&nbsp;<\/p>\n<p>&nbsp;<\/p>\n<p>&nbsp;<\/p>\n<p>&nbsp;<\/p>\n\n\t\t<\/div>\n\t<\/div>\n<\/div><\/div><\/div><\/div><\/div><\/div><\/div><div  class=\"vc_row wpb_row row vc_custom_1438931003634\"><div class=\"wpb_column vc_column_container vc_col-sm-12\"><div class=\"vc_column-inner\"><div class=\"wpb_wrapper\">\n\t<div class=\"socialicons display center  clearfix\">\n\t\t<ul>\n\t\t\t\n\t\t<li class=\"dock-tab social-linkedin\">\n\t\t\t<a href=\"https:\/\/www.linkedin.com\/company\/5357703\" title=\"LinkedIn\" target=\"_blank\"><i class=\"social-icon fa fa-lg fa-linkedin\"><\/i><\/a>\n\t\t<\/li>\n\t\t<li class=\"dock-tab social-facebook\">\n\t\t\t<a href=\"https:\/\/www.facebook.com\/Agrotec-Promotruck-107897214967284\" title=\"Facebook\" target=\"_blank\"><i class=\"social-icon fa fa-lg fa-facebook\"><\/i><\/a>\n\t\t<\/li>\n\t\t<li class=\"dock-tab social-youtube\">\n\t\t\t<a href=\"https:\/\/www.youtube.com\/watch?v=qZdFZSq51w0&amp;t=3s\" title=\"YouTube\" target=\"_blank\"><i class=\"social-icon fa fa-lg fa-youtube\"><\/i><\/a>\n\t\t<\/li>\n\t\t<li class=\"dock-tab social-instagram\">\n\t\t\t<a href=\"https:\/\/www.instagram.com\/agrotecgroup\/\" title=\"Instagram\" target=\"_blank\"><i class=\"social-icon fa fa-lg fa-instagram\"><\/i><\/a>\n\t\t<\/li>\n\t\t<\/ul>\n\t<\/div>\n\t<div class=\"clear\"><\/div><\/div><\/div><\/div><\/div>","protected":false},"excerpt":{"rendered":"<p>KONTAKTN\u00cd INFORMACE NA MAJITELE AGROTEC a.s. Brn\u011bnsk\u00e1 74, 693 01, Hustope\u010de I\u010c: 00544957 DI\u010c: CZ00544957 &nbsp; KONTAKTN\u00cd OSOBA PRO PROMOTRUCK Mat\u011bj Ost\u0159\u00ed\u017eek \u2013 spr\u00e1vce rezervac\u00ed +420 606 032 516 REZERVOVAT ONLINE Kontaktn\u00ed formul\u00e1\u0159 Va\u0161e jm\u00e9no (vy\u017eadov\u00e1no) V\u00e1\u0161 e-mail (vy\u017eadov\u00e1no) V\u00e1\u0161 dotaz &nbsp; &nbsp; &nbsp; &nbsp; &nbsp; &nbsp; &nbsp; &nbsp; &nbsp;<\/p>","protected":false},"author":1,"featured_media":4099,"parent":1487,"menu_order":0,"comment_status":"closed","ping_status":"closed","template":"","meta":{"footnotes":""},"class_list":["post-4057","page","type-page","status-publish","has-post-thumbnail","hentry"],"yoast_head":"<!-- This site is optimized with the Yoast SEO plugin v25.7 - https:\/\/yoast.com\/wordpress\/plugins\/seo\/ -->\n<title>Kontaktn\u00ed \u00fadaje provozovatele | AGROTEC Promotruck<\/title>\n<meta name=\"description\" content=\"Kontaktn\u00ed \u00fadaje na provozovatele AGROTEC Promotruck \u2013 AGROTEC a.s., Brn\u011bnsk\u00e1 74, 693 01, Hustope\u010de, I\u010c: 00544957. Pro v\u00edce informac\u00ed: Mat\u011bj Ost\u0159\u00ed\u017eek +420 606 032 516.\" \/>\n<meta name=\"robots\" content=\"index, follow, max-snippet:-1, max-image-preview:large, max-video-preview:-1\" \/>\n<link rel=\"canonical\" href=\"https:\/\/www.agrotecpromotruck.cz\/en\/home\/kontakt\/\" \/>\n<meta property=\"og:locale\" content=\"en_GB\" \/>\n<meta property=\"og:type\" content=\"article\" \/>\n<meta property=\"og:title\" content=\"Kontaktn\u00ed \u00fadaje provozovatele | AGROTEC Promotruck\" \/>\n<meta property=\"og:description\" content=\"Kontaktn\u00ed \u00fadaje na provozovatele AGROTEC Promotruck \u2013 AGROTEC a.s., Brn\u011bnsk\u00e1 74, 693 01, Hustope\u010de, I\u010c: 00544957. Pro v\u00edce informac\u00ed: Mat\u011bj Ost\u0159\u00ed\u017eek +420 606 032 516.\" \/>\n<meta property=\"og:url\" content=\"https:\/\/www.agrotecpromotruck.cz\/en\/home\/kontakt\/\" \/>\n<meta property=\"og:site_name\" content=\"AGROTEC Promotruck\" \/>\n<meta property=\"article:modified_time\" content=\"2020-06-08T11:55:59+00:00\" \/>\n<meta property=\"og:image\" content=\"https:\/\/www.agrotecpromotruck.cz\/wp-content\/uploads\/2020\/05\/IMGP4850-Edit.jpg\" \/>\n\t<meta property=\"og:image:width\" content=\"2011\" \/>\n\t<meta property=\"og:image:height\" content=\"1342\" \/>\n\t<meta property=\"og:image:type\" content=\"image\/jpeg\" \/>\n<meta name=\"twitter:card\" content=\"summary_large_image\" \/>\n<meta name=\"twitter:label1\" content=\"Estimated reading time\" \/>\n\t<meta name=\"twitter:data1\" content=\"2 minutes\" \/>\n<script type=\"application\/ld+json\" class=\"yoast-schema-graph\">{\"@context\":\"https:\/\/schema.org\",\"@graph\":[{\"@type\":\"WebPage\",\"@id\":\"https:\/\/www.agrotecpromotruck.cz\/home\/kontakt\/\",\"url\":\"https:\/\/www.agrotecpromotruck.cz\/home\/kontakt\/\",\"name\":\"Kontaktn\u00ed \u00fadaje provozovatele | AGROTEC Promotruck\",\"isPartOf\":{\"@id\":\"https:\/\/www.agrotecpromotruck.cz\/#website\"},\"primaryImageOfPage\":{\"@id\":\"https:\/\/www.agrotecpromotruck.cz\/home\/kontakt\/#primaryimage\"},\"image\":{\"@id\":\"https:\/\/www.agrotecpromotruck.cz\/home\/kontakt\/#primaryimage\"},\"thumbnailUrl\":\"https:\/\/www.agrotecpromotruck.cz\/wp-content\/uploads\/2020\/05\/IMGP4850-Edit.jpg\",\"datePublished\":\"2020-03-25T06:25:23+00:00\",\"dateModified\":\"2020-06-08T11:55:59+00:00\",\"description\":\"Kontaktn\u00ed \u00fadaje na provozovatele AGROTEC Promotruck \u2013 AGROTEC a.s., Brn\u011bnsk\u00e1 74, 693 01, Hustope\u010de, I\u010c: 00544957. Pro v\u00edce informac\u00ed: Mat\u011bj Ost\u0159\u00ed\u017eek +420 606 032 516.\",\"breadcrumb\":{\"@id\":\"https:\/\/www.agrotecpromotruck.cz\/home\/kontakt\/#breadcrumb\"},\"inLanguage\":\"en-GB\",\"potentialAction\":[{\"@type\":\"ReadAction\",\"target\":[\"https:\/\/www.agrotecpromotruck.cz\/home\/kontakt\/\"]}]},{\"@type\":\"ImageObject\",\"inLanguage\":\"en-GB\",\"@id\":\"https:\/\/www.agrotecpromotruck.cz\/home\/kontakt\/#primaryimage\",\"url\":\"https:\/\/www.agrotecpromotruck.cz\/wp-content\/uploads\/2020\/05\/IMGP4850-Edit.jpg\",\"contentUrl\":\"https:\/\/www.agrotecpromotruck.cz\/wp-content\/uploads\/2020\/05\/IMGP4850-Edit.jpg\",\"width\":2011,\"height\":1342,\"caption\":\"Kontaktn\u00ed \u00fadaje na provozovatele AGROTEC Promotruck.\"},{\"@type\":\"BreadcrumbList\",\"@id\":\"https:\/\/www.agrotecpromotruck.cz\/home\/kontakt\/#breadcrumb\",\"itemListElement\":[{\"@type\":\"ListItem\",\"position\":1,\"name\":\"Dom\u016f\",\"item\":\"https:\/\/www.agrotecpromotruck.cz\/\"},{\"@type\":\"ListItem\",\"position\":2,\"name\":\"Multifunk\u010dn\u00ed kamion a mobiln\u00ed p\u00f3dium\",\"item\":\"https:\/\/www.agrotecpromotruck.cz\/\"},{\"@type\":\"ListItem\",\"position\":3,\"name\":\"Kontaktn\u00ed \u00fadaje provozovatele\"}]},{\"@type\":\"WebSite\",\"@id\":\"https:\/\/www.agrotecpromotruck.cz\/#website\",\"url\":\"https:\/\/www.agrotecpromotruck.cz\/\",\"name\":\"AGROTEC Promotruck\",\"description\":\"Multimedi\u00e1ln\u00ed kamion a mobiln\u00ed p\u00f3dium pro va\u0161e akce\",\"potentialAction\":[{\"@type\":\"SearchAction\",\"target\":{\"@type\":\"EntryPoint\",\"urlTemplate\":\"https:\/\/www.agrotecpromotruck.cz\/?s={search_term_string}\"},\"query-input\":{\"@type\":\"PropertyValueSpecification\",\"valueRequired\":true,\"valueName\":\"search_term_string\"}}],\"inLanguage\":\"en-GB\"}]}<\/script>\n<!-- \/ Yoast SEO plugin. -->","yoast_head_json":{"title":"Kontaktn\u00ed \u00fadaje provozovatele | AGROTEC Promotruck","description":"Kontaktn\u00ed \u00fadaje na provozovatele AGROTEC Promotruck \u2013 AGROTEC a.s., Brn\u011bnsk\u00e1 74, 693 01, Hustope\u010de, I\u010c: 00544957. Pro v\u00edce informac\u00ed: Mat\u011bj Ost\u0159\u00ed\u017eek +420 606 032 516.","robots":{"index":"index","follow":"follow","max-snippet":"max-snippet:-1","max-image-preview":"max-image-preview:large","max-video-preview":"max-video-preview:-1"},"canonical":"https:\/\/www.agrotecpromotruck.cz\/en\/home\/kontakt\/","og_locale":"en_GB","og_type":"article","og_title":"Kontaktn\u00ed \u00fadaje provozovatele | AGROTEC Promotruck","og_description":"Kontaktn\u00ed \u00fadaje na provozovatele AGROTEC Promotruck \u2013 AGROTEC a.s., Brn\u011bnsk\u00e1 74, 693 01, Hustope\u010de, I\u010c: 00544957. Pro v\u00edce informac\u00ed: Mat\u011bj Ost\u0159\u00ed\u017eek +420 606 032 516.","og_url":"https:\/\/www.agrotecpromotruck.cz\/en\/home\/kontakt\/","og_site_name":"AGROTEC Promotruck","article_modified_time":"2020-06-08T11:55:59+00:00","og_image":[{"width":2011,"height":1342,"url":"https:\/\/www.agrotecpromotruck.cz\/wp-content\/uploads\/2020\/05\/IMGP4850-Edit.jpg","type":"image\/jpeg"}],"twitter_card":"summary_large_image","twitter_misc":{"Estimated reading time":"2 minutes"},"schema":{"@context":"https:\/\/schema.org","@graph":[{"@type":"WebPage","@id":"https:\/\/www.agrotecpromotruck.cz\/home\/kontakt\/","url":"https:\/\/www.agrotecpromotruck.cz\/home\/kontakt\/","name":"Kontaktn\u00ed \u00fadaje provozovatele | AGROTEC Promotruck","isPartOf":{"@id":"https:\/\/www.agrotecpromotruck.cz\/#website"},"primaryImageOfPage":{"@id":"https:\/\/www.agrotecpromotruck.cz\/home\/kontakt\/#primaryimage"},"image":{"@id":"https:\/\/www.agrotecpromotruck.cz\/home\/kontakt\/#primaryimage"},"thumbnailUrl":"https:\/\/www.agrotecpromotruck.cz\/wp-content\/uploads\/2020\/05\/IMGP4850-Edit.jpg","datePublished":"2020-03-25T06:25:23+00:00","dateModified":"2020-06-08T11:55:59+00:00","description":"Kontaktn\u00ed \u00fadaje na provozovatele AGROTEC Promotruck \u2013 AGROTEC a.s., Brn\u011bnsk\u00e1 74, 693 01, Hustope\u010de, I\u010c: 00544957. Pro v\u00edce informac\u00ed: Mat\u011bj Ost\u0159\u00ed\u017eek +420 606 032 516.","breadcrumb":{"@id":"https:\/\/www.agrotecpromotruck.cz\/home\/kontakt\/#breadcrumb"},"inLanguage":"en-GB","potentialAction":[{"@type":"ReadAction","target":["https:\/\/www.agrotecpromotruck.cz\/home\/kontakt\/"]}]},{"@type":"ImageObject","inLanguage":"en-GB","@id":"https:\/\/www.agrotecpromotruck.cz\/home\/kontakt\/#primaryimage","url":"https:\/\/www.agrotecpromotruck.cz\/wp-content\/uploads\/2020\/05\/IMGP4850-Edit.jpg","contentUrl":"https:\/\/www.agrotecpromotruck.cz\/wp-content\/uploads\/2020\/05\/IMGP4850-Edit.jpg","width":2011,"height":1342,"caption":"Kontaktn\u00ed \u00fadaje na provozovatele AGROTEC Promotruck."},{"@type":"BreadcrumbList","@id":"https:\/\/www.agrotecpromotruck.cz\/home\/kontakt\/#breadcrumb","itemListElement":[{"@type":"ListItem","position":1,"name":"Dom\u016f","item":"https:\/\/www.agrotecpromotruck.cz\/"},{"@type":"ListItem","position":2,"name":"Multifunk\u010dn\u00ed kamion a mobiln\u00ed p\u00f3dium","item":"https:\/\/www.agrotecpromotruck.cz\/"},{"@type":"ListItem","position":3,"name":"Kontaktn\u00ed \u00fadaje provozovatele"}]},{"@type":"WebSite","@id":"https:\/\/www.agrotecpromotruck.cz\/#website","url":"https:\/\/www.agrotecpromotruck.cz\/","name":"AGROTEC Promotruck","description":"Multimedia truck and mobile stage for your events","potentialAction":[{"@type":"SearchAction","target":{"@type":"EntryPoint","urlTemplate":"https:\/\/www.agrotecpromotruck.cz\/?s={search_term_string}"},"query-input":{"@type":"PropertyValueSpecification","valueRequired":true,"valueName":"search_term_string"}}],"inLanguage":"en-GB"}]}},"_links":{"self":[{"href":"https:\/\/www.agrotecpromotruck.cz\/en\/wp-json\/wp\/v2\/pages\/4057","targetHints":{"allow":["GET"]}}],"collection":[{"href":"https:\/\/www.agrotecpromotruck.cz\/en\/wp-json\/wp\/v2\/pages"}],"about":[{"href":"https:\/\/www.agrotecpromotruck.cz\/en\/wp-json\/wp\/v2\/types\/page"}],"author":[{"embeddable":true,"href":"https:\/\/www.agrotecpromotruck.cz\/en\/wp-json\/wp\/v2\/users\/1"}],"replies":[{"embeddable":true,"href":"https:\/\/www.agrotecpromotruck.cz\/en\/wp-json\/wp\/v2\/comments?post=4057"}],"version-history":[{"count":0,"href":"https:\/\/www.agrotecpromotruck.cz\/en\/wp-json\/wp\/v2\/pages\/4057\/revisions"}],"up":[{"embeddable":true,"href":"https:\/\/www.agrotecpromotruck.cz\/en\/wp-json\/wp\/v2\/pages\/1487"}],"wp:featuredmedia":[{"embeddable":true,"href":"https:\/\/www.agrotecpromotruck.cz\/en\/wp-json\/wp\/v2\/media\/4099"}],"wp:attachment":[{"href":"https:\/\/www.agrotecpromotruck.cz\/en\/wp-json\/wp\/v2\/media?parent=4057"}],"curies":[{"name":"wp","href":"https:\/\/api.w.org\/{rel}","templated":true}]}}